{"id":23,"date":"2019-05-08T13:27:24","date_gmt":"2019-05-08T11:27:24","guid":{"rendered":"http:\/\/leczyce.wejherkomputer.pl\/?page_id=23"},"modified":"2021-03-20T12:11:15","modified_gmt":"2021-03-20T11:11:15","slug":"taryfy","status":"publish","type":"page","link":"http:\/\/leczyce.wejherkomputer.pl\/index.php\/taryfy\/","title":{"rendered":"Taryfy"},"content":{"rendered":"\n<p class=\"has-text-align-center\"><strong><u>CENNIK<\/u><\/strong><\/p>\n\n\n\n<p class=\"has-text-align-center\">(obowi\u0105zuje od 25.08.2020 r.)<\/p>\n\n\n\n<p><strong><u>Cena wody oraz stawki op\u0142aty abonamentowej:<\/u><\/strong><\/p>\n\n\n\n<p>&#8211; Cena wody: <strong>3,47 z\u0142<\/strong> brutto\/m<sup>3<\/sup><\/p>\n\n\n\n<p>&#8211; Stawka op\u0142aty abonamentowej: <strong>4,16 z\u0142<\/strong> brutto\/m-c<\/p>\n\n\n\n<p><strong><u>Cena za odprowadzone \u015bcieki oraz stawki op\u0142aty abonamentowej:<\/u><\/strong><\/p>\n\n\n\n<p>&#8211; Cena wody: <strong>5,86 z\u0142<\/strong> brutto\/m<sup>3<\/sup><\/p>\n\n\n\n<p>&#8211; Stawka op\u0142aty abonamentowej: <strong>4,17 z\u0142<\/strong> brutto\/m-c<\/p>\n\n\n\n<div class=\"wp-block-file\"><a href=\"http:\/\/leczyce.wejherkomputer.pl\/wp-content\/uploads\/2021\/02\/Decyzja-Dyrektora-RZGW-w-Gdansku-zatwierdzajaca-taryfy-za-zbiorowe-zaopatrzenie-w-wode-i-zbiorowe-odprowadzanie-sciekow.pdf\">Decyzja-Dyrektora-RZGW-w-Gdansku-zatwierdzajaca-taryfy-za-zbiorowe-zaopatrzenie-w-wode-i-zbiorowe-odprowadzanie-sciekow<\/a><a href=\"http:\/\/leczyce.wejherkomputer.pl\/wp-content\/uploads\/2021\/02\/Decyzja-Dyrektora-RZGW-w-Gdansku-zatwierdzajaca-taryfy-za-zbiorowe-zaopatrzenie-w-wode-i-zbiorowe-odprowadzanie-sciekow.pdf\" class=\"wp-block-file__button\" download>Pobierz<\/a><\/div>\n\n\n\n<div class=\"wp-block-file\"><a href=\"http:\/\/leczyce.wejherkomputer.pl\/wp-content\/uploads\/2021\/02\/ogloszenie-wysokosc-cen-i-stawek-oplat.pdf\">Ogloszenie-wysokosc-cen-i-stawek-oplat<\/a><a href=\"http:\/\/leczyce.wejherkomputer.pl\/wp-content\/uploads\/2021\/02\/ogloszenie-wysokosc-cen-i-stawek-oplat.pdf\" class=\"wp-block-file__button\" download>Pobierz<\/a><\/div>\n","protected":false},"excerpt":{"rendered":"<p>CENNIK (obowi\u0105zuje od 25.08.2020 r.) Cena wody oraz stawki op\u0142aty abonamentowej: &#8211; Cena wody: 3,47 z\u0142 brutto\/m3 &#8211; Stawka op\u0142aty abonamentowej: 4,16 z\u0142 brutto\/m-c Cena za odprowadzone \u015bcieki oraz stawki op\u0142aty abonamentowej: &#8211; Cena wody: 5,86 z\u0142 brutto\/m3 &#8211; Stawka op\u0142aty abonamentowej: 4,17 z\u0142 brutto\/m-c<\/p>\n","protected":false},"author":1,"featured_media":0,"parent":0,"menu_order":0,"comment_status":"closed","ping_status":"open","template":"","meta":[],"_links":{"self":[{"href":"http:\/\/leczyce.wejherkomputer.pl\/index.php\/wp-json\/wp\/v2\/pages\/23"}],"collection":[{"href":"http:\/\/leczyce.wejherkomputer.pl\/index.php\/wp-json\/wp\/v2\/pages"}],"about":[{"href":"http:\/\/leczyce.wejherkomputer.pl\/index.php\/wp-json\/wp\/v2\/types\/page"}],"author":[{"embeddable":true,"href":"http:\/\/leczyce.wejherkomputer.pl\/index.php\/wp-json\/wp\/v2\/users\/1"}],"replies":[{"embeddable":true,"href":"http:\/\/leczyce.wejherkomputer.pl\/index.php\/wp-json\/wp\/v2\/comments?post=23"}],"version-history":[{"count":4,"href":"http:\/\/leczyce.wejherkomputer.pl\/index.php\/wp-json\/wp\/v2\/pages\/23\/revisions"}],"predecessor-version":[{"id":447,"href":"http:\/\/leczyce.wejherkomputer.pl\/index.php\/wp-json\/wp\/v2\/pages\/23\/revisions\/447"}],"wp:attachment":[{"href":"http:\/\/leczyce.wejherkomputer.pl\/index.php\/wp-json\/wp\/v2\/media?parent=23"}],"curies":[{"name":"wp","href":"https:\/\/api.w.org\/{rel}","templated":true}]}}