{"id":25,"date":"2019-05-08T13:27:39","date_gmt":"2019-05-08T11:27:39","guid":{"rendered":"http:\/\/leczyce.wejherkomputer.pl\/?page_id=25"},"modified":"2021-03-09T09:49:42","modified_gmt":"2021-03-09T08:49:42","slug":"dokumenty-do-pobrania","status":"publish","type":"page","link":"http:\/\/leczyce.wejherkomputer.pl\/index.php\/dokumenty-do-pobrania\/","title":{"rendered":"Druki do pobrania"},"content":{"rendered":"\n<h2>Zapewnienie<\/h2>\n\n\n\n<div class=\"wp-block-file\"><a href=\"http:\/\/leczyce.wejherkomputer.pl\/wp-content\/uploads\/2021\/02\/zapewnienie-dostaw-wody.pdf\">zapewnienie-dostaw-wody<\/a><a href=\"http:\/\/leczyce.wejherkomputer.pl\/wp-content\/uploads\/2021\/02\/zapewnienie-dostaw-wody.pdf\" class=\"wp-block-file__button\" download>Pobierz<\/a><\/div>\n\n\n\n<h2>Warunki<\/h2>\n\n\n\n<div class=\"wp-block-file\"><a href=\"http:\/\/leczyce.wejherkomputer.pl\/wp-content\/uploads\/2021\/02\/wniosek-o-wydanie-warunkow-przylaczenia-do-sieci-kanalizacji-sanitarnej.pdf\">wniosek-o-wydanie-warunkow-przylaczenia-do-sieci-kanalizacji-sanitarnej<\/a><a href=\"http:\/\/leczyce.wejherkomputer.pl\/wp-content\/uploads\/2021\/02\/wniosek-o-wydanie-warunkow-przylaczenia-do-sieci-kanalizacji-sanitarnej.pdf\" class=\"wp-block-file__button\" download>Pobierz<\/a><\/div>\n\n\n\n<div class=\"wp-block-file\"><a href=\"http:\/\/leczyce.wejherkomputer.pl\/wp-content\/uploads\/2021\/02\/wniosek-o-wydanie-warunkow-przylaczenia-do-sieci-wodociagowej.pdf\">wniosek-o-wydanie-warunkow-przylaczenia-do-sieci-wodociagowej<\/a><a href=\"http:\/\/leczyce.wejherkomputer.pl\/wp-content\/uploads\/2021\/02\/wniosek-o-wydanie-warunkow-przylaczenia-do-sieci-wodociagowej.pdf\" class=\"wp-block-file__button\" download>Pobierz<\/a><\/div>\n\n\n\n<p>Map\u0119 pogl\u0105dow\u0105 mo\u017cna pobra\u0107 ze strony internetowej <a href=\"https:\/\/wejherowski.e-mapa.net\/\">Powiat wejherowski &#8211; System Informacji Przestrzennej (e-mapa.net)<\/a><\/p>\n\n\n\n<h2>Przyst\u0105pienie do prac przy\u0142\u0105czeniowych<\/h2>\n\n\n\n<div class=\"wp-block-file\"><a href=\"http:\/\/leczyce.wejherkomputer.pl\/wp-content\/uploads\/2021\/02\/informacja-o-zamiarze-przystapienia-do-prac.pdf\">informacja-o-zamiarze-przystapienia-do-prac<\/a><a href=\"http:\/\/leczyce.wejherkomputer.pl\/wp-content\/uploads\/2021\/02\/informacja-o-zamiarze-przystapienia-do-prac.pdf\" class=\"wp-block-file__button\" download>Pobierz<\/a><\/div>\n\n\n\n<h2>Zg\u0142oszenie odbioru<\/h2>\n\n\n\n<div class=\"wp-block-file\"><a href=\"http:\/\/leczyce.wejherkomputer.pl\/wp-content\/uploads\/2021\/02\/oswiadczenie-o-terminie-dostarczenia-pomiaru-powykonawczego.pdf\">oswiadczenie-o-terminie-dostarczenia-pomiaru-powykonawczego<\/a><a href=\"http:\/\/leczyce.wejherkomputer.pl\/wp-content\/uploads\/2021\/02\/oswiadczenie-o-terminie-dostarczenia-pomiaru-powykonawczego.pdf\" class=\"wp-block-file__button\" download>Pobierz<\/a><\/div>\n\n\n\n<div class=\"wp-block-file\"><a href=\"http:\/\/leczyce.wejherkomputer.pl\/wp-content\/uploads\/2021\/02\/zgloszenie-do-odbioru.pdf\">zgloszenie-do-odbioru<\/a><a href=\"http:\/\/leczyce.wejherkomputer.pl\/wp-content\/uploads\/2021\/02\/zgloszenie-do-odbioru.pdf\" class=\"wp-block-file__button\" download>Pobierz<\/a><\/div>\n\n\n\n<h2>Umowa<\/h2>\n\n\n\n<div class=\"wp-block-file\"><a href=\"http:\/\/leczyce.wejherkomputer.pl\/wp-content\/uploads\/2021\/02\/wniosek-o-rozwiazanie-umowy-o-zaopatrzenie-w-wode-i-odprowadzanie-sciekow.pdf\">wniosek-o-rozwiazanie-umowy-o-zaopatrzenie-w-wode-i-odprowadzanie-sciekow<\/a><a href=\"http:\/\/leczyce.wejherkomputer.pl\/wp-content\/uploads\/2021\/02\/wniosek-o-rozwiazanie-umowy-o-zaopatrzenie-w-wode-i-odprowadzanie-sciekow.pdf\" class=\"wp-block-file__button\" download>Pobierz<\/a><\/div>\n\n\n\n<div class=\"wp-block-file\"><a href=\"http:\/\/leczyce.wejherkomputer.pl\/wp-content\/uploads\/2021\/02\/wniosek-o-zawarcie-umowy-o-zaopatrzenie-w-wode-lub-odprowadzenie-sciekow.pdf\">wniosek-o-zawarcie-umowy-o-zaopatrzenie-w-wode-lub-odprowadzenie-sciekow<\/a><a href=\"http:\/\/leczyce.wejherkomputer.pl\/wp-content\/uploads\/2021\/02\/wniosek-o-zawarcie-umowy-o-zaopatrzenie-w-wode-lub-odprowadzenie-sciekow.pdf\" class=\"wp-block-file__button\" download>Pobierz<\/a><\/div>\n\n\n\n<h2>Za\u015bwiadczenie<\/h2>\n\n\n\n<div class=\"wp-block-file\"><a href=\"http:\/\/leczyce.wejherkomputer.pl\/wp-content\/uploads\/2021\/02\/wniosek-o-wydanie-zaswiadczenia-o-wykonaniu-przylacza-wodociagowego-lub-kanalizacyjnego.pdf\">wniosek-o-wydanie-zaswiadczenia-o-wykonaniu-przylacza-wodociagowego-lub-kanalizacyjnego<\/a><a href=\"http:\/\/leczyce.wejherkomputer.pl\/wp-content\/uploads\/2021\/02\/wniosek-o-wydanie-zaswiadczenia-o-wykonaniu-przylacza-wodociagowego-lub-kanalizacyjnego.pdf\" class=\"wp-block-file__button\" download>Pobierz<\/a><\/div>\n\n\n\n<h2>Podwodomierz<\/h2>\n\n\n\n<div class=\"wp-block-file\"><a href=\"http:\/\/leczyce.wejherkomputer.pl\/wp-content\/uploads\/2021\/02\/wniosek-o-wydanie-warunkow-na-zamontowanie-podwodomierza-do-pomiaru-wody-bezpowrotnie-zuzytej.pdf\">wniosek-o-wydanie-warunkow-na-zamontowanie-podwodomierza-do-pomiaru-wody-bezpowrotnie-zuzytej<\/a><a href=\"http:\/\/leczyce.wejherkomputer.pl\/wp-content\/uploads\/2021\/02\/wniosek-o-wydanie-warunkow-na-zamontowanie-podwodomierza-do-pomiaru-wody-bezpowrotnie-zuzytej.pdf\" class=\"wp-block-file__button\" download>Pobierz<\/a><\/div>\n\n\n\n<div class=\"wp-block-columns\">\n<div class=\"wp-block-column\"><\/div>\n\n\n\n<div class=\"wp-block-column\"><\/div>\n\n\n\n<div class=\"wp-block-column\"><\/div>\n<\/div>\n\n\n\n<div class=\"wp-block-columns\">\n<div class=\"wp-block-column\"><\/div>\n\n\n\n<div class=\"wp-block-column\"><\/div>\n<\/div>\n\n\n\n<div class=\"wp-block-columns\">\n<div class=\"wp-block-column\"><\/div>\n\n\n\n<div class=\"wp-block-column\"><\/div>\n\n\n\n<div class=\"wp-block-column\"><\/div>\n<\/div>\n\n\n\n<div class=\"wp-block-columns\">\n<div class=\"wp-block-column\"><\/div>\n\n\n\n<div class=\"wp-block-column\"><\/div>\n\n\n\n<div class=\"wp-block-column\"><\/div>\n<\/div>\n\n\n\n<div class=\"wp-block-columns\">\n<div class=\"wp-block-column\"><\/div>\n\n\n\n<div class=\"wp-block-column\"><\/div>\n\n\n\n<div class=\"wp-block-column\"><\/div>\n<\/div>\n","protected":false},"excerpt":{"rendered":"<p>Zapewnienie Warunki Map\u0119 pogl\u0105dow\u0105 mo\u017cna pobra\u0107 ze strony internetowej Powiat wejherowski &#8211; System Informacji Przestrzennej (e-mapa.net) Przyst\u0105pienie do prac przy\u0142\u0105czeniowych Zg\u0142oszenie odbioru Umowa Za\u015bwiadczenie Podwodomierz<\/p>\n","protected":false},"author":1,"featured_media":0,"parent":0,"menu_order":0,"comment_status":"closed","ping_status":"open","template":"","meta":[],"_links":{"self":[{"href":"http:\/\/leczyce.wejherkomputer.pl\/index.php\/wp-json\/wp\/v2\/pages\/25"}],"collection":[{"href":"http:\/\/leczyce.wejherkomputer.pl\/index.php\/wp-json\/wp\/v2\/pages"}],"about":[{"href":"http:\/\/leczyce.wejherkomputer.pl\/index.php\/wp-json\/wp\/v2\/types\/page"}],"author":[{"embeddable":true,"href":"http:\/\/leczyce.wejherkomputer.pl\/index.php\/wp-json\/wp\/v2\/users\/1"}],"replies":[{"embeddable":true,"href":"http:\/\/leczyce.wejherkomputer.pl\/index.php\/wp-json\/wp\/v2\/comments?post=25"}],"version-history":[{"count":10,"href":"http:\/\/leczyce.wejherkomputer.pl\/index.php\/wp-json\/wp\/v2\/pages\/25\/revisions"}],"predecessor-version":[{"id":263,"href":"http:\/\/leczyce.wejherkomputer.pl\/index.php\/wp-json\/wp\/v2\/pages\/25\/revisions\/263"}],"wp:attachment":[{"href":"http:\/\/leczyce.wejherkomputer.pl\/index.php\/wp-json\/wp\/v2\/media?parent=25"}],"curies":[{"name":"wp","href":"https:\/\/api.w.org\/{rel}","templated":true}]}}