{"id":467,"date":"2021-04-29T12:23:39","date_gmt":"2021-04-29T10:23:39","guid":{"rendered":"http:\/\/leczyce.wejherkomputer.pl\/?page_id=467"},"modified":"2021-04-29T12:23:39","modified_gmt":"2021-04-29T10:23:39","slug":"zadania","status":"publish","type":"page","link":"http:\/\/leczyce.wejherkomputer.pl\/index.php\/zadania\/","title":{"rendered":"Zadania"},"content":{"rendered":"\n<!--more-->\n\n\n\n<p class=\"has-text-align-left\">INWESTYCJE GMINY \u0141\u0118CZYCE REALIZOWANE PRZEZ GMINNY ZAK\u0141AD US\u0141UG KOMUNALNYCH W \u0141\u0118CZYCACH W 2019 R.<\/p>\n\n\n\n<div class=\"wp-block-columns\">\n<div class=\"wp-block-column\">\n<p class=\"has-drop-cap\">Gminny Zak\u0142ad Us\u0142ug Komunalnych w \u0141\u0119czycach w ramach swojej dzia\u0142alno\u015bci nie ogranicza si\u0119 jedynie do zada\u0144 z zakresu utrzymania istniej\u0105cej infrastruktury wodno \u2013 kanalizacyjnej. Pracownicy wykorzystuj\u0105 swoj\u0105 wiedz\u0119 i do\u015bwiadczenie do pracy na rzecz rozwoju Gminy \u0141\u0119czyce.<br>Gmina \u0141\u0119czyce corocznie powierza cz\u0119\u015b\u0107 zada\u0144 w\u0142asnych zwi\u0105zanych z zapewnieniem mieszka\u0144com dostarczania wody i odprowadzania \u015bciek\u00f3w, Gminnemu Zak\u0142adowi Us\u0142ug Komunalnych w \u0141\u0119czycach.<br>S\u0105 to zadania z zakresu rozbudowy sieci wodoci\u0105gowej i kanalizacyjnej w tym kanalizacji t\u0142ocznej i budowy przepompowni.<br>Przedmiotowa dzia\u0142alno\u015b\u0107 przynosi wymierne korzy\u015bci mieszka\u0144com Gminy \u0141\u0119czyce, poprzez sprawna i szybka realizacj\u0119 zada\u0144 dotycz\u0105cych rozbudowy sieci wodoci\u0105gowej i kanalizacyjnej przy relatywnie minimalnych kosztach budowy infrastruktury.<\/p>\n<\/div>\n\n\n\n<div class=\"wp-block-column\">\n<figure class=\"wp-block-image size-large is-resized\"><img loading=\"lazy\" src=\"http:\/\/leczyce.wejherkomputer.pl\/wp-content\/uploads\/2019\/05\/1inw-576x1024.jpg\" alt=\"\" class=\"wp-image-108\" width=\"206\" height=\"367\" srcset=\"http:\/\/leczyce.wejherkomputer.pl\/wp-content\/uploads\/2019\/05\/1inw-576x1024.jpg 576w, http:\/\/leczyce.wejherkomputer.pl\/wp-content\/uploads\/2019\/05\/1inw-169x300.jpg 169w, http:\/\/leczyce.wejherkomputer.pl\/wp-content\/uploads\/2019\/05\/1inw-768x1365.jpg 768w, http:\/\/leczyce.wejherkomputer.pl\/wp-content\/uploads\/2019\/05\/1inw-864x1536.jpg 864w, http:\/\/leczyce.wejherkomputer.pl\/wp-content\/uploads\/2019\/05\/1inw-1152x2048.jpg 1152w, http:\/\/leczyce.wejherkomputer.pl\/wp-content\/uploads\/2019\/05\/1inw-scaled.jpg 1440w\" sizes=\"(max-width: 206px) 100vw, 206px\" \/><\/figure>\n<\/div>\n<\/div>\n\n\n\n<p><strong><u>Inwestycje realizowane w 2019r.&nbsp;&nbsp;&nbsp;<\/u><\/strong><\/p>\n\n\n\n<ol type=\"1\"><li>Budowa kanalizacji sanitarnej grawitacyjnej i t\u0142ocznej w m. Kaczkowo wraz z przepompowni\u0105 Etap II.<\/li><li>Budowa sieci wodoci\u0105gowej w m. Chmieleniec Etap II.<\/li><li>Budowa sieci wodoci\u0105gowej do teren\u00f3w kolejowych w m. Bo\u017cepole Ma\u0142e Etap. II<\/li><li>Budowa sieci wodoci\u0105gowej Pu\u017cyce \u2013 Brze\u017ano Etap I.<\/li><li>Budowa sieci wodoci\u0105gowej Pu\u017cyce&nbsp; &#8211; \u015awichowo i \u015awichowo.<\/li><li>Budowa kanalizacji sanitarnej t\u0142ocznej Nawcz- Roz\u0142azino wraz z wyposa\u017ceniem przepompowni w m. Nawcz.<\/li><li>Modernizacja przepompowni \u015bciek\u00f3w w m. Strzebielino ul. Zielna.<\/li><li>Wymiana sieci wodoci\u0105gowej w m. \u015awietlino Etap I.<\/li><\/ol>\n\n\n\n<div class=\"wp-block-columns\">\n<div class=\"wp-block-column\">\n<figure class=\"wp-block-image size-large\"><img loading=\"lazy\" width=\"1024\" height=\"576\" src=\"http:\/\/leczyce.wejherkomputer.pl\/wp-content\/uploads\/2019\/05\/2inw-1024x576.jpg\" alt=\"\" class=\"wp-image-107\" srcset=\"http:\/\/leczyce.wejherkomputer.pl\/wp-content\/uploads\/2019\/05\/2inw-1024x576.jpg 1024w, http:\/\/leczyce.wejherkomputer.pl\/wp-content\/uploads\/2019\/05\/2inw-300x169.jpg 300w, http:\/\/leczyce.wejherkomputer.pl\/wp-content\/uploads\/2019\/05\/2inw-768x432.jpg 768w, http:\/\/leczyce.wejherkomputer.pl\/wp-content\/uploads\/2019\/05\/2inw-1536x864.jpg 1536w, http:\/\/leczyce.wejherkomputer.pl\/wp-content\/uploads\/2019\/05\/2inw-2048x1152.jpg 2048w\" sizes=\"(max-width: 1024px) 100vw, 1024px\" \/><\/figure>\n<\/div>\n<\/div>\n","protected":false},"excerpt":{"rendered":"","protected":false},"author":1,"featured_media":0,"parent":0,"menu_order":0,"comment_status":"closed","ping_status":"closed","template":"","meta":[],"_links":{"self":[{"href":"http:\/\/leczyce.wejherkomputer.pl\/index.php\/wp-json\/wp\/v2\/pages\/467"}],"collection":[{"href":"http:\/\/leczyce.wejherkomputer.pl\/index.php\/wp-json\/wp\/v2\/pages"}],"about":[{"href":"http:\/\/leczyce.wejherkomputer.pl\/index.php\/wp-json\/wp\/v2\/types\/page"}],"author":[{"embeddable":true,"href":"http:\/\/leczyce.wejherkomputer.pl\/index.php\/wp-json\/wp\/v2\/users\/1"}],"replies":[{"embeddable":true,"href":"http:\/\/leczyce.wejherkomputer.pl\/index.php\/wp-json\/wp\/v2\/comments?post=467"}],"version-history":[{"count":1,"href":"http:\/\/leczyce.wejherkomputer.pl\/index.php\/wp-json\/wp\/v2\/pages\/467\/revisions"}],"predecessor-version":[{"id":468,"href":"http:\/\/leczyce.wejherkomputer.pl\/index.php\/wp-json\/wp\/v2\/pages\/467\/revisions\/468"}],"wp:attachment":[{"href":"http:\/\/leczyce.wejherkomputer.pl\/index.php\/wp-json\/wp\/v2\/media?parent=467"}],"curies":[{"name":"wp","href":"https:\/\/api.w.org\/{rel}","templated":true}]}}