{"id":54,"date":"2019-05-09T12:30:28","date_gmt":"2019-05-09T10:30:28","guid":{"rendered":"http:\/\/leczyce.wejherkomputer.pl\/?page_id=54"},"modified":"2021-03-10T15:02:35","modified_gmt":"2021-03-10T14:02:35","slug":"kontakt","status":"publish","type":"page","link":"http:\/\/leczyce.wejherkomputer.pl\/index.php\/kontakt\/","title":{"rendered":"Kontakt"},"content":{"rendered":"\n<h1 class=\"has-text-align-center\">Gminny Zak\u0142ad Us\u0142ug Komunalnych w \u0141\u0119czycach<\/h1>\n\n\n\n<div class=\"wp-block-columns\">\n<div class=\"wp-block-column\" style=\"flex-basis:33.33%\">\n<p>ul. Ko\u015bcielna 17A; 84 \u2013 218 \u0141\u0119czyce<br>Tel: +48 58 352 06 14<br>e-meil: sekretariat@gzukleczyce.pl<\/p>\n\n\n\n<p><br>Godziny pracy biura GZUK w \u0141\u0119czycach<br>Pon. \u2013 pi\u0105tek 7:00 \u2013 15:00<\/p>\n\n\n\n<p><br>Godziny pracy kasy GZUK w \u0141\u0119czycach<br>Pon. \u2013 pi\u0105tek 7:00 \u2013 14:00<\/p>\n\n\n\n<p><br>Dy\u017cury: 24 godziny \/ 7 dni w tygodniu<br>AWARIE: TEL: +48 58 352 06 14<\/p>\n\n\n\n<p>Nr rachunku bankowego: Kaszubski Bank Sp\u00f3\u0142dzielczy w Wejherowie O \/ \u0141\u0119czyce: <\/p>\n\n\n\n<p>33 8350 0004 3900 1297 2000 0010<\/p>\n<\/div>\n\n\n\n<div class=\"wp-block-column\" style=\"flex-basis:66.66%\">\n<iframe loading=\"lazy\" src=\"https:\/\/www.google.com\/maps\/embed?pb=!1m18!1m12!1m3!1d36988.76860615464!2d17.81385068767391!3d54.58993267512347!2m3!1f0!2f0!3f0!3m2!1i1024!2i768!4f13.1!3m3!1m2!1s0x46fdc3a1ab3f6c07%3A0xecaf51c6e46f5875!2sGminny+Zak%C5%82ad+Us%C5%82ug+Komunalnych!5e0!3m2!1sen!2spl!4v1557399964553!5m2!1sen!2spl\" width=\"1000\" height=\"450\" frameborder=\"0\" style=\"border:0\" allowfullscreen=\"\"><\/iframe>\n<\/div>\n<\/div>\n","protected":false},"excerpt":{"rendered":"<p>Gminny Zak\u0142ad Us\u0142ug Komunalnych w \u0141\u0119czycach ul. Ko\u015bcielna 17A; 84 \u2013 218 \u0141\u0119czyceTel: +48 58 352 06 14e-meil: sekretariat@gzukleczyce.pl Godziny pracy biura GZUK w \u0141\u0119czycachPon. \u2013 pi\u0105tek 7:00 \u2013 15:00 Godziny pracy kasy GZUK w \u0141\u0119czycachPon. \u2013 pi\u0105tek 7:00 \u2013 14:00 Dy\u017cury: 24 godziny \/ 7 dni w tygodniuAWARIE: TEL: +48 58 352 06 14 [&hellip;]<\/p>\n","protected":false},"author":1,"featured_media":0,"parent":0,"menu_order":0,"comment_status":"closed","ping_status":"closed","template":"","meta":[],"_links":{"self":[{"href":"http:\/\/leczyce.wejherkomputer.pl\/index.php\/wp-json\/wp\/v2\/pages\/54"}],"collection":[{"href":"http:\/\/leczyce.wejherkomputer.pl\/index.php\/wp-json\/wp\/v2\/pages"}],"about":[{"href":"http:\/\/leczyce.wejherkomputer.pl\/index.php\/wp-json\/wp\/v2\/types\/page"}],"author":[{"embeddable":true,"href":"http:\/\/leczyce.wejherkomputer.pl\/index.php\/wp-json\/wp\/v2\/users\/1"}],"replies":[{"embeddable":true,"href":"http:\/\/leczyce.wejherkomputer.pl\/index.php\/wp-json\/wp\/v2\/comments?post=54"}],"version-history":[{"count":16,"href":"http:\/\/leczyce.wejherkomputer.pl\/index.php\/wp-json\/wp\/v2\/pages\/54\/revisions"}],"predecessor-version":[{"id":320,"href":"http:\/\/leczyce.wejherkomputer.pl\/index.php\/wp-json\/wp\/v2\/pages\/54\/revisions\/320"}],"wp:attachment":[{"href":"http:\/\/leczyce.wejherkomputer.pl\/index.php\/wp-json\/wp\/v2\/media?parent=54"}],"curies":[{"name":"wp","href":"https:\/\/api.w.org\/{rel}","templated":true}]}}