{"id":84,"date":"2019-05-10T12:09:57","date_gmt":"2019-05-10T10:09:57","guid":{"rendered":"http:\/\/leczyce.wejherkomputer.pl\/?page_id=84"},"modified":"2021-03-09T09:29:07","modified_gmt":"2021-03-09T08:29:07","slug":"struktura-organizacyjna-gzuk","status":"publish","type":"page","link":"http:\/\/leczyce.wejherkomputer.pl\/index.php\/struktura-organizacyjna-gzuk\/","title":{"rendered":"STRUKTURA ORGANIZACYJNA GZUK W \u0141\u0118CZYCACH:"},"content":{"rendered":"\n<ol type=\"1\"><li>Kierownik <strong>&#8211; Witold Szmidtke<\/strong><\/li><li>Zast\u0119pca Kierownika (dzia\u0142 techniczny) &#8211;<strong> Pawe\u0142 D\u0105bek<\/strong><\/li><li>G\u0142\u00f3wna Ksi\u0119gowa &#8211; <strong>Anna Brylowska<\/strong><\/li><li>Samodzielne stanowisko do spraw kadrowych<\/li><li>Samodzielne stanowisko ds. eksploatacyjnych<\/li><li>Sekretariat<\/li><li>Inkasent<\/li><li>Obs\u0142uga Oczyszczalni w \u0141\u0119czycach<\/li><li>Obs\u0142uga Oczyszczalni w Bo\u017cepole Wielkie<\/li><li>Wykwalifikowany personel techniczny do realizacji zada\u0144 GZUK w \u0141\u0119czycach<\/li><\/ol>\n\n\n\n<div class=\"wp-block-file\"><a href=\"http:\/\/leczyce.wejherkomputer.pl\/wp-content\/uploads\/2021\/02\/Zarzadzenie-w-sprawie-zatwierdzenia-regulaminu-organizacyjnego.pdf\">Zarzadzenie-w-sprawie-zatwierdzenia-regulaminu-organizacyjnego<\/a><a href=\"http:\/\/leczyce.wejherkomputer.pl\/wp-content\/uploads\/2021\/02\/Zarzadzenie-w-sprawie-zatwierdzenia-regulaminu-organizacyjnego.pdf\" class=\"wp-block-file__button\" download>Pobierz<\/a><\/div>\n","protected":false},"excerpt":{"rendered":"<p>Kierownik &#8211; Witold Szmidtke Zast\u0119pca Kierownika (dzia\u0142 techniczny) &#8211; Pawe\u0142 D\u0105bek G\u0142\u00f3wna Ksi\u0119gowa &#8211; Anna Brylowska Samodzielne stanowisko do spraw kadrowych Samodzielne stanowisko ds. eksploatacyjnych Sekretariat Inkasent Obs\u0142uga Oczyszczalni w \u0141\u0119czycach Obs\u0142uga Oczyszczalni w Bo\u017cepole Wielkie Wykwalifikowany personel techniczny do realizacji zada\u0144 GZUK w \u0141\u0119czycach<\/p>\n","protected":false},"author":1,"featured_media":0,"parent":0,"menu_order":0,"comment_status":"closed","ping_status":"closed","template":"","meta":[],"_links":{"self":[{"href":"http:\/\/leczyce.wejherkomputer.pl\/index.php\/wp-json\/wp\/v2\/pages\/84"}],"collection":[{"href":"http:\/\/leczyce.wejherkomputer.pl\/index.php\/wp-json\/wp\/v2\/pages"}],"about":[{"href":"http:\/\/leczyce.wejherkomputer.pl\/index.php\/wp-json\/wp\/v2\/types\/page"}],"author":[{"embeddable":true,"href":"http:\/\/leczyce.wejherkomputer.pl\/index.php\/wp-json\/wp\/v2\/users\/1"}],"replies":[{"embeddable":true,"href":"http:\/\/leczyce.wejherkomputer.pl\/index.php\/wp-json\/wp\/v2\/comments?post=84"}],"version-history":[{"count":6,"href":"http:\/\/leczyce.wejherkomputer.pl\/index.php\/wp-json\/wp\/v2\/pages\/84\/revisions"}],"predecessor-version":[{"id":256,"href":"http:\/\/leczyce.wejherkomputer.pl\/index.php\/wp-json\/wp\/v2\/pages\/84\/revisions\/256"}],"wp:attachment":[{"href":"http:\/\/leczyce.wejherkomputer.pl\/index.php\/wp-json\/wp\/v2\/media?parent=84"}],"curies":[{"name":"wp","href":"https:\/\/api.w.org\/{rel}","templated":true}]}}